{"id":21,"date":"2025-01-27T11:10:58","date_gmt":"2025-01-27T11:10:58","guid":{"rendered":"https:\/\/deeperknow.com\/?page_id=21"},"modified":"2026-04-07T17:05:43","modified_gmt":"2026-04-07T17:05:43","slug":"home","status":"publish","type":"page","link":"https:\/\/deeperknow.com\/en\/","title":{"rendered":"Home"},"content":{"rendered":"<p>Aiutiamo le organizzazioni a comprendere i loro processi aziendali e ad automatizzare la comunicazione dei documenti.<\/p>\n\n\n\n<p>Al giorno d&#8217;oggi \u00e8 fondamentale avere una visibilit\u00e0 completa della propria attivit\u00e0. Vi forniamo strumenti di process intelligence che vi consentono di scoprire, monitorare, prevedere e migliorare molteplici operazioni aziendali. Questi modelli di visualizzazione possono essere implementati direttamente presso la vostra organizzazione o forniti come servizio.<\/p>\n\n\n\n<p>Per completare il nostro portafoglio di trasformazione digitale, offriamo soluzioni di elaborazione intelligente dei documenti basate sull&#8217;IA, sviluppate dai leader di mercato. In qualit\u00e0 di esperti del settore con oltre 20 anni di esperienza, utilizziamo un approccio chiavi in mano per offrire ai nostri clienti l&#8217;opportunit\u00e0 di automatizzare i flussi di lavoro documentali di qualsiasi complessit\u00e0.<\/p>","protected":false},"excerpt":{"rendered":"<p>Aiutiamo le organizzazioni a comprendere i loro processi aziendali e ad automatizzare la comunicazione dei documenti. Al giorno d&#8217;oggi \u00e8 fondamentale avere una visibilit\u00e0 completa della propria attivit\u00e0. Vi forniamo strumenti di process intelligence che vi consentono di scoprire, monitorare, prevedere e migliorare molteplici operazioni aziendali. Questi modelli di visualizzazione possono essere implementati direttamente presso [&hellip;]<\/p>\n","protected":false},"author":2,"featured_media":0,"parent":0,"menu_order":0,"comment_status":"closed","ping_status":"closed","template":"","meta":{"inline_featured_image":false,"footnotes":""},"class_list":["post-21","page","type-page","status-publish","hentry"],"yoast_head":"<!-- This site is optimized with the Yoast SEO plugin v27.3 - https:\/\/yoast.com\/product\/yoast-seo-wordpress\/ -->\n<title>Home - Deeper Know Website<\/title>\n<meta name=\"robots\" content=\"index, follow, max-snippet:-1, max-image-preview:large, max-video-preview:-1\" \/>\n<link rel=\"canonical\" href=\"https:\/\/deeperknow.com\/en\/\" \/>\n<meta property=\"og:locale\" content=\"en_US\" \/>\n<meta property=\"og:type\" content=\"article\" \/>\n<meta property=\"og:title\" content=\"Home - Deeper Know Website\" \/>\n<meta property=\"og:description\" content=\"Aiutiamo le organizzazioni a comprendere i loro processi aziendali e ad automatizzare la comunicazione dei documenti. Al giorno d&#8217;oggi \u00e8 fondamentale avere una visibilit\u00e0 completa della propria attivit\u00e0. Vi forniamo strumenti di process intelligence che vi consentono di scoprire, monitorare, prevedere e migliorare molteplici operazioni aziendali. Questi modelli di visualizzazione possono essere implementati direttamente presso [&hellip;]\" \/>\n<meta property=\"og:url\" content=\"https:\/\/deeperknow.com\/en\/\" \/>\n<meta property=\"og:site_name\" content=\"Deeper Know Website\" \/>\n<meta property=\"article:modified_time\" content=\"2026-04-07T17:05:43+00:00\" \/>\n<meta name=\"twitter:card\" content=\"summary_large_image\" \/>\n<meta name=\"twitter:label1\" content=\"Est. reading time\" \/>\n\t<meta name=\"twitter:data1\" content=\"1 minute\" \/>\n<script type=\"application\/ld+json\" class=\"yoast-schema-graph\">{\"@context\":\"https:\\\/\\\/schema.org\",\"@graph\":[{\"@type\":\"WebPage\",\"@id\":\"https:\\\/\\\/deeperknow.com\\\/\",\"url\":\"https:\\\/\\\/deeperknow.com\\\/\",\"name\":\"Home - Deeper Know Website\",\"isPartOf\":{\"@id\":\"https:\\\/\\\/deeperknow.com\\\/#website\"},\"datePublished\":\"2025-01-27T11:10:58+00:00\",\"dateModified\":\"2026-04-07T17:05:43+00:00\",\"breadcrumb\":{\"@id\":\"https:\\\/\\\/deeperknow.com\\\/#breadcrumb\"},\"inLanguage\":\"en-US\",\"potentialAction\":[{\"@type\":\"ReadAction\",\"target\":[\"https:\\\/\\\/deeperknow.com\\\/\"]}]},{\"@type\":\"BreadcrumbList\",\"@id\":\"https:\\\/\\\/deeperknow.com\\\/#breadcrumb\",\"itemListElement\":[{\"@type\":\"ListItem\",\"position\":1,\"name\":\"Home\",\"item\":\"https:\\\/\\\/deeperknow.com\\\/\"},{\"@type\":\"ListItem\",\"position\":2,\"name\":\"Home\"}]},{\"@type\":\"WebSite\",\"@id\":\"https:\\\/\\\/deeperknow.com\\\/#website\",\"url\":\"https:\\\/\\\/deeperknow.com\\\/\",\"name\":\"Deeper Know Website\",\"description\":\"\",\"potentialAction\":[{\"@type\":\"SearchAction\",\"target\":{\"@type\":\"EntryPoint\",\"urlTemplate\":\"https:\\\/\\\/deeperknow.com\\\/?s={search_term_string}\"},\"query-input\":{\"@type\":\"PropertyValueSpecification\",\"valueRequired\":true,\"valueName\":\"search_term_string\"}}],\"inLanguage\":\"en-US\"}]}<\/script>\n<!-- \/ Yoast SEO plugin. -->","yoast_head_json":{"title":"Home - Deeper Know Website","robots":{"index":"index","follow":"follow","max-snippet":"max-snippet:-1","max-image-preview":"max-image-preview:large","max-video-preview":"max-video-preview:-1"},"canonical":"https:\/\/deeperknow.com\/en\/","og_locale":"en_US","og_type":"article","og_title":"Home - Deeper Know Website","og_description":"Aiutiamo le organizzazioni a comprendere i loro processi aziendali e ad automatizzare la comunicazione dei documenti. Al giorno d&#8217;oggi \u00e8 fondamentale avere una visibilit\u00e0 completa della propria attivit\u00e0. Vi forniamo strumenti di process intelligence che vi consentono di scoprire, monitorare, prevedere e migliorare molteplici operazioni aziendali. Questi modelli di visualizzazione possono essere implementati direttamente presso [&hellip;]","og_url":"https:\/\/deeperknow.com\/en\/","og_site_name":"Deeper Know Website","article_modified_time":"2026-04-07T17:05:43+00:00","twitter_card":"summary_large_image","twitter_misc":{"Est. reading time":"1 minute"},"schema":{"@context":"https:\/\/schema.org","@graph":[{"@type":"WebPage","@id":"https:\/\/deeperknow.com\/","url":"https:\/\/deeperknow.com\/","name":"Home - Deeper Know Website","isPartOf":{"@id":"https:\/\/deeperknow.com\/#website"},"datePublished":"2025-01-27T11:10:58+00:00","dateModified":"2026-04-07T17:05:43+00:00","breadcrumb":{"@id":"https:\/\/deeperknow.com\/#breadcrumb"},"inLanguage":"en-US","potentialAction":[{"@type":"ReadAction","target":["https:\/\/deeperknow.com\/"]}]},{"@type":"BreadcrumbList","@id":"https:\/\/deeperknow.com\/#breadcrumb","itemListElement":[{"@type":"ListItem","position":1,"name":"Home","item":"https:\/\/deeperknow.com\/"},{"@type":"ListItem","position":2,"name":"Home"}]},{"@type":"WebSite","@id":"https:\/\/deeperknow.com\/#website","url":"https:\/\/deeperknow.com\/","name":"Deeper Know Website","description":"","potentialAction":[{"@type":"SearchAction","target":{"@type":"EntryPoint","urlTemplate":"https:\/\/deeperknow.com\/?s={search_term_string}"},"query-input":{"@type":"PropertyValueSpecification","valueRequired":true,"valueName":"search_term_string"}}],"inLanguage":"en-US"}]}},"_links":{"self":[{"href":"https:\/\/deeperknow.com\/en\/wp-json\/wp\/v2\/pages\/21","targetHints":{"allow":["GET"]}}],"collection":[{"href":"https:\/\/deeperknow.com\/en\/wp-json\/wp\/v2\/pages"}],"about":[{"href":"https:\/\/deeperknow.com\/en\/wp-json\/wp\/v2\/types\/page"}],"author":[{"embeddable":true,"href":"https:\/\/deeperknow.com\/en\/wp-json\/wp\/v2\/users\/2"}],"replies":[{"embeddable":true,"href":"https:\/\/deeperknow.com\/en\/wp-json\/wp\/v2\/comments?post=21"}],"version-history":[{"count":3,"href":"https:\/\/deeperknow.com\/en\/wp-json\/wp\/v2\/pages\/21\/revisions"}],"predecessor-version":[{"id":259,"href":"https:\/\/deeperknow.com\/en\/wp-json\/wp\/v2\/pages\/21\/revisions\/259"}],"wp:attachment":[{"href":"https:\/\/deeperknow.com\/en\/wp-json\/wp\/v2\/media?parent=21"}],"curies":[{"name":"wp","href":"https:\/\/api.w.org\/{rel}","templated":true}]}}